{"id":152,"date":"2015-07-28T09:57:59","date_gmt":"2015-07-28T09:57:59","guid":{"rendered":"http:\/\/www.spab-rice.com\/wordpress\/demo\/avoc-demo\/?page_id=152"},"modified":"2023-12-14T16:09:07","modified_gmt":"2023-12-14T15:09:07","slug":"services","status":"publish","type":"page","link":"https:\/\/oroski.com\/?page_id=152","title":{"rendered":"Services"},"content":{"rendered":"<div class=\"wrapper\"><div class=\"wolf-grid clearfix\" data-parallax=\"true\" data-captionparallax=\"true\" data-randomhorizontaloffset=\"false\" data-mouseparallax=\"false\">\n\t\t\t<div class=\"wolf-item wolf-text wfull wright\" data-speed=\"0.7\"><div class=\"wolf-item-inner\" style=\"width: 55%;\"><div class=\"wolf-media\"><img decoding=\"async\" src=\"https:\/\/oroski.com\/wp-content\/uploads\/2023\/12\/service-pro-241.jpg\" alt=\"Services\"><\/div><div class=\"wolf-caption overlay\" style=\"width: 55%;\">\n\t\t\t\t\t\t\n<h3><strong>Pour les professionnels<br \/>\n<\/strong><\/h3>\n<h5 class=\"alttitle align-auto\">Soyez visibles<\/h5>\n<p>Cr\u00e9ons ensemble pour votre communication d&rsquo;entreprise une banque d&rsquo;images de qualit\u00e9, refl\u00e9tant votre identit\u00e9 de marque et mettant en place un univers coh\u00e9rent et unique, adapt\u00e9 au message que vous souhaitez transmettre \u00e0 vos clients.<\/p>\n<p>Communiquer avec des visuels percutants et pens\u00e9s avec soin vous permet de marquer les esprits positivement, de communiquer implicitement sur la valeur de vos productions et d&rsquo;affirmer votre singularit\u00e9.<\/p>\n<p>Voici le type de contenus visuels que j&rsquo;ai l&rsquo;habitude de produire pour les professionnels :<\/p>\n<ul>\n<li>Images d&rsquo;ambiance<\/li>\n<li>Photos produits<\/li>\n<li>Reportages m\u00e9tier<\/li>\n<li>Photos pour site web<\/li>\n<li>Contenus visuels pour r\u00e9seaux sociaux<\/li>\n<\/ul>\n\n\t\t\t\t\t<\/div><\/div><\/div><div class=\"wolf-item wolf-text wfull wleft\" data-speed=\"0.7\"><div class=\"wolf-item-inner\" style=\"width: 55%;\"><div class=\"wolf-media\"><img decoding=\"async\" src=\"https:\/\/oroski.com\/wp-content\/uploads\/2023\/12\/service-particulier-1-2.jpg\" alt=\"Services\"><\/div><div class=\"wolf-caption overlay\" style=\"width: 55%;\">\n\t\t\t\t\t\t\n<h3><strong>Particulier<\/strong><\/h3>\n<h5 class=\"alttitle align-auto\">immortalisez l&rsquo;instant present<\/h5>\n<p>Consetetur sadipscing elitr, sed diam nonumy eirmod tempor invidunt ut labore et dolore magna aliquyam erat, sed diam voluptua. At vero eos et accusam et justo duo dolores et ea rebum. Stet clita kasd gubergren, no sea takimata sanctus est Lorem ipsum dolor sit amet.<\/p>\n<p>u00a0<\/p>\n\n\t\t\t\t\t<\/div><\/div><\/div><div class=\"wolf-item wolf-text wfull wright\" data-speed=\"0.7\"><div class=\"wolf-item-inner\" style=\"width: 55%;\"><div class=\"wolf-media\"><img decoding=\"async\" src=\"https:\/\/oroski.com\/wp-content\/uploads\/2023\/12\/service-independant-photo-0308.jpg\" alt=\"Services\"><\/div><div class=\"wolf-caption overlay\" style=\"width: 55%;\">\n\t\t\t\t\t\t\n<h3><strong>independant pour studio<\/strong><\/h3>\n<h5 class=\"alttitle align-auto\">polyvalence et savoir faire<\/h5>\n<p>Consetetur sadipscing elitr, sed diam nonumy eirmod tempor invidunt ut labore et dolore magna aliquyam erat, sed diam voluptua. At vero eos et accusam et justo duo dolores et ea rebum. Stet clita kasd gubergren, no sea takimata sanctus est Lorem ipsum dolor sit amet.<\/p>\n\n\t\t\t\t\t<\/div><\/div><\/div>\n\t\t\t<\/div><\/div><div class=\"wrapper\"><div class=\"column-section clearfix\"><div class=\"column one-full last-col \" >\n<h2 style=\"text-align: center;\"><strong>And much more<\/strong><\/h2>\n<\/div><\/div><\/div><div class=\"spacer spacer-small\"><\/div><div class=\"wrapper\"><div class=\"column-section clearfix\"><div class=\"column one-third  \" >\n<p style=\"text-align: center;\"><i class=\"ion ion-ios-monitor-outline ion-4x\" style=\"color:#ea4452;\"><\/i><\/p>\n<h5 style=\"text-align: center;\">Web Design<\/h5>\n<p style=\"text-align: center;\">Lorem ipsum dolor sit amet, consetetur sadipscing elitr, sed diam nonumy eirmod tempor invidunt ut labore et dolore magna aliquyam erat, sed diam voluptua.<\/p>\n<\/div><div class=\"column one-third  \" >\n<p style=\"text-align: center;\"><i class=\"ion ion-ios-videocam-outline ion-4x\" style=\"color:#ea4452;\"><\/i><\/p>\n<h5 style=\"text-align: center;\">Video Production<\/h5>\n<p style=\"text-align: center;\">Lorem ipsum dolor sit amet, consetetur sadipscing elitr, sed diam nonumy eirmod tempor invidunt ut labore et dolore magna aliquyam erat, sed diam voluptua.<\/p>\n<\/div><div class=\"column one-third last-col \" >\n<p style=\"text-align: center;\"><i class=\"ion ion-ios-wineglass-outline ion-4x\" style=\"color:#ea4452;\"><\/i><\/p>\n<h5 style=\"text-align: center;\">Event Managment<\/h5>\n<p style=\"text-align: center;\">Lorem ipsum dolor sit amet, consetetur sadipscing elitr, sed diam nonumy eirmod tempor invidunt ut labore et dolore magna aliquyam erat, sed diam voluptua.<\/p>\n<\/div><\/div><\/div><div class=\"spacer spacer-big\"><\/div>\n","protected":false},"excerpt":{"rendered":"","protected":false},"author":1,"featured_media":0,"parent":0,"menu_order":0,"comment_status":"closed","ping_status":"closed","template":"","meta":{"footnotes":""},"class_list":["post-152","page","type-page","status-publish","hentry"],"_links":{"self":[{"href":"https:\/\/oroski.com\/index.php?rest_route=\/wp\/v2\/pages\/152","targetHints":{"allow":["GET"]}}],"collection":[{"href":"https:\/\/oroski.com\/index.php?rest_route=\/wp\/v2\/pages"}],"about":[{"href":"https:\/\/oroski.com\/index.php?rest_route=\/wp\/v2\/types\/page"}],"author":[{"embeddable":true,"href":"https:\/\/oroski.com\/index.php?rest_route=\/wp\/v2\/users\/1"}],"replies":[{"embeddable":true,"href":"https:\/\/oroski.com\/index.php?rest_route=%2Fwp%2Fv2%2Fcomments&post=152"}],"version-history":[{"count":16,"href":"https:\/\/oroski.com\/index.php?rest_route=\/wp\/v2\/pages\/152\/revisions"}],"predecessor-version":[{"id":2965,"href":"https:\/\/oroski.com\/index.php?rest_route=\/wp\/v2\/pages\/152\/revisions\/2965"}],"wp:attachment":[{"href":"https:\/\/oroski.com\/index.php?rest_route=%2Fwp%2Fv2%2Fmedia&parent=152"}],"curies":[{"name":"wp","href":"https:\/\/api.w.org\/{rel}","templated":true}]}}